{"id":1809,"date":"2021-08-24T10:34:19","date_gmt":"2021-08-24T15:34:19","guid":{"rendered":"https:\/\/campdeerpark.org\/campamentos-familiares\/"},"modified":"2022-12-16T18:24:11","modified_gmt":"2022-12-17T00:24:11","slug":"campamentos-familiares","status":"publish","type":"page","link":"https:\/\/campdeerpark.org\/es\/campamentos-familiares\/","title":{"rendered":"Campamentos familiares"},"content":{"rendered":"\n<h2>\n\t\tUnifique a su familia mientras crea recuerdos para toda la vida\n\t<\/h2>\n\t\t\t\t<img loading=\"lazy\" decoding=\"async\" src=\"https:\/\/campdeerpark.org\/wp-content\/uploads\/2021\/04\/Wave.png\" alt=\"Wave\" itemprop=\"image\" height=\"13\" width=\"69\" title=\"Wave\" onerror=\"this.style.display='none'\"  \/>\n<h1>\n\t\tCampamento familiar en las monta\u00f1as inferiores de Shawangunk, a 80 millas de Nueva York\n\t<\/h1>\n\t\t\t<a href=\"https:\/\/campdeerpark.org\/es\/campamentos-familiares\/registro-de-campamento-familiar\/\" target=\"_self\" rel=\"noopener\">\n\t\t\t\t\t\t\t\tReg\u00edstrate ahora\n\t\t\t\t\t\t\t<\/a>\n\t\t\t<a href=\"tel:845-754-8669\" target=\"_self\" rel=\"noopener\">\n\t\t\t\t\t\t\t\tLl\u00e1manos: 845-754-8669\n\t\t\t\t\t\t\t<\/a>\n<h3>\n\t\tAyuda a tu familia &#8230;\n\t<\/h3>\n\t<ul>\n<li>Crea nuevas tradiciones<\/li>\n<li>Pasadlo bien juntos<\/li>\n<li>Renueve su prop\u00f3sito y visi\u00f3n<\/li>\n<\/ul>\n\t<p><strong>Como padres, planear unas vacaciones puede parecer mucho trabajo:<\/strong><\/p>\n<ul>\n<li aria-level=\"1\">Est\u00e1s demasiado cansado para planificar un viaje<\/li>\n<li aria-level=\"1\">Tu familia esta muy ocupada<\/li>\n<li aria-level=\"1\">Te preocupa que a los ni\u00f1os no les guste lo que planeas<\/li>\n<\/ul>\n<p>En Camp Deerpark, nuestros campamentos familiares garantizan que su familia tenga unas vacaciones divertidas y relajantes juntas.<\/p>\n<p>Ya sea comiendo comida deliciosa, disfrutando de actividades al aire libre o experimentando la calma de la naturaleza, \u00a1su familia regresar\u00e1 a casa m\u00e1s unida y tendr\u00e1 nuevos recuerdos para disfrutar!<\/p>\n\t\t\t<a href=\"https:\/\/campdeerpark.org\/es\/campamentos-familiares\/registro-de-campamento-familiar\/\" target=\"_self\" rel=\"noopener\">\n\t\t\t\t\t\t\t\tReg\u00edstrate ahora\n\t\t\t\t\t\t\t<\/a>\n\t\t\t<a href=\"tel:845-754-8669\" target=\"_self\" rel=\"noopener\">\n\t\t\t\t\t\t\t\tLl\u00e1manos: 845-754-8669\n\t\t\t\t\t\t\t<\/a>\n<h2>\n\t\tCampamentos familiares para fortalecer su hogar\n\t<\/h2>\n\t<ul>\n\t\t<li>\t\t\n\t\t\t\t<img decoding=\"async\" src=\"https:\/\/campdeerpark.org\/wp-content\/uploads\/2021\/05\/Deerpark_Family_RenewedPurpose-scaled.jpg\" alt=\"Deerpark_Family_RenewedPurpose\" title=\"Deerpark_Family_RenewedPurpose\" itemprop=\"image\"\/>\n\t\t<h3>PROP\u00d3SITO RENOVADO<\/h3><\/li>\t<\/ul>\n\t<p>Regrese a casa con un nuevo sentido de unidad y prop\u00f3sito familiar.<\/p>\n\t<ul>\n\t\t<li>\t\t\n\t\t\t\t<img decoding=\"async\" src=\"https:\/\/campdeerpark.org\/wp-content\/uploads\/2021\/05\/Deerpark_Family_PhysicalFun-scaled.jpg\" alt=\"Deerpark_Family_PhysicalFun\" title=\"Deerpark_Family_PhysicalFun\" itemprop=\"image\"\/>\n\t\t<h3>DIVERSI\u00d3N F\u00cdSICA<\/h3><\/li>\t<\/ul>\n\t<p>Disfrute de actividades al aire libre que les permitan divertirse y re\u00edr juntos.<\/p>\n\t<ul>\n\t\t<li>\t\t\n\t\t\t\t<img decoding=\"async\" src=\"https:\/\/campdeerpark.org\/wp-content\/uploads\/2021\/05\/Deerpark_Family_FamilyBonding-scaled.jpg\" alt=\"Deerpark_Family_FamilyBonding\" title=\"Deerpark_Family_FamilyBonding\" itemprop=\"image\"\/>\n\t\t<h3>UNION FAMILIAR<\/h3><\/li>\t<\/ul>\n\t<p>Crea nuevas tradiciones familiares a medida que experimentas la naturaleza y Dios juntos.<\/p>\n\t\t\t\t\t\t\t\t\t\t\t\t\t\t\t\t\t\t\t<p>\u00abLa gente de aqu\u00ed fue de gran apoyo y consuelo. La comida era deliciosa y abundante. Las caba\u00f1as estaban limpias y ofrec\u00edan almohadas y mantas gratuitas que estaban limpias. \u00a1Me encant\u00f3 la experiencia! \u00ab<\/p>\n\t\t\t\t\t\t\t\t\t\t\t\t\t\t\t\t\t<h3>Tai<\/h3>\n\t\t\t\t\t\t\t\t\t\t\t\t\t\t\t\t\t\t\t<p>\u00abEste es el lugar m\u00e1s tranquilo y divertido para pasar tiempo con sus seres queridos. Te animo a intentarlo. Te encantar\u00e1 este lugar \u00ab.<\/p>\n\t\t\t\t\t\t\t\t\t\t\t\t\t\t\t\t\t<h3>Maritza<\/h3>\n\t\t\t\t\t\t\t\t\t\t\t\t\t\t\t\t\t\t\t<p>\u00abEs incre\u00edble la experiencia que puedes tener aqu\u00ed, y con el personal amable y cort\u00e9s, te da la oportunidad de acercarte m\u00e1s a Dios en completa paz en la naturaleza\u00bb.<\/p>\n\t\t\t\t\t\t\t\t\t\t\t\t\t\t\t\t\t<h3>Jord\u00e1n<\/h3>\n\t\t\t\t<!-- \/.pp-testimonials -->\n\t\t\t<a href=\"https:\/\/campdeerpark.org\/es\/campamentos-familiares\/registro-de-campamento-familiar\/\" target=\"_self\" rel=\"noopener\">\n\t\t\t\t\t\t\t\tReg\u00edstrate ahora\n\t\t\t\t\t\t\t<\/a>\n\t\t\t<a href=\"tel:845-754-8669\" target=\"_self\" rel=\"noopener\">\n\t\t\t\t\t\t\t\tLl\u00e1manos: 845-754-8669\n\t\t\t\t\t\t\t<\/a>\n<h3>\n\t\t\u00a1Vea lo que es posible para su familia este verano!\n\t<\/h3>\n\n<h2>\n\t\tRe\u00fana a su familia este verano\n\t<\/h2>\n\t<p><strong>Como familia, es f\u00e1cil dejar que nuestros horarios ocupados controlen nuestro hogar y controlen nuestras vidas.<\/strong><\/p>\n<p>Como resultado, muchas familias se sienten demasiado ocupadas para hacer viajes o vacaciones, y ven pasar el a\u00f1o sin nuevos recuerdos.<\/p>\n<p>No es necesario que sea as\u00ed para su hogar.<\/p>\n<p>Programe su campamento familiar en<a href=\"https:\/\/campdeerpark.org\/\"> Campamento Deerpark<\/a> \u00a1y experimente el descanso, la diversi\u00f3n, la risa y los recuerdos que su familia necesita!<\/p>\n\t\t\t\tAPRENDE M\u00c1S&#8230;\n\t\t\t\t<p>En Camp Deerpark, sabemos lo ocupadas que est\u00e1n las familias, generalmente sin intentarlo.<\/p>\n<p>Diferentes horarios, actividades escolares y eventos laborales est\u00e1n constantemente quitando el tiempo y la energ\u00eda de nuestro hogar.<\/p>\n<p>Es por eso que Camp Deerpark ofrece campamentos familiares: para brindarle a su familia una experiencia de verano inolvidable y asequible que a sus hijos les encantar\u00e1 y que une a su familia.<\/p>\n<p>Nuestro personal comprende la presi\u00f3n de una vida urbana ajetreada y el costo que puede acarrearle a una familia. Por eso hemos creado un ambiente relajante y reparador para las familias. Puede pasar su tiempo en el campamento enfoc\u00e1ndose en divertirse con su familia, pasar tiempo de relajaci\u00f3n juntos y crear nuevos recuerdos familiares. <\/p>\n<p>Puede pasar su tiempo relaj\u00e1ndose junto a la piscina, haciendo smores juntos, construyendo proyectos de manualidades juntos, nadando, caminando por senderos naturales, jugando actividades grupales y muchas otras cosas disponibles en el campamento.<\/p>\n<p>Trabajamos arduamente para que su campamento familiar y sus vacaciones sean f\u00e1ciles:<\/p>\n<ol>\n<li aria-level=\"1\">Ll\u00e1menos: 864-754-8669 para discutir lo que est\u00e1 buscando con su familia<\/li>\n<li aria-level=\"1\">Asegure las fechas de su retiro<\/li>\n<li aria-level=\"1\">\u00a1Disfrute de su tiempo con su familia y divi\u00e9rtase juntos!<\/li>\n<\/ol>\n<p>No permita que el ajetreo de la vida haga que su familia se desconecte o pierda su visi\u00f3n familiar.<\/p>\n<p>En su lugar, pasen tiempo juntos en un hermoso entorno que les permita reconectarse, descansar y experimentar la paz, \u00a1y todo mientras se divierten, comen excelente comida y crean incre\u00edbles recuerdos para toda la vida!<\/p>\n<p>Ubicado en la parte baja de las monta\u00f1as Shawungunk, a solo 80 millas al noroeste de la ciudad de Nueva York, Camp Deerpark es conveniente para familias en toda el \u00e1rea metropolitana de Nueva York.<\/p>\n<p> Como ministerio de campamento, tambi\u00e9n estamos disponibles para lo siguiente:<\/p>\n<ul>\n<li aria-level=\"1\"><a href=\"https:\/\/campdeerpark.org\/es\/campamentos-de-verano\/\">Campamentos de verano para ni\u00f1os<\/a><\/li>\n<li aria-level=\"1\"><a href=\"https:\/\/campdeerpark.org\/church-retreats\/\">Retiros de la Iglesia<\/a><\/li>\n<\/ul>\n<p>\u00a1Ll\u00e1menos al 864-754-8669 para programar su campamento familiar u obtenga m\u00e1s informaci\u00f3n sobre nuestros otros programas de campamento!<\/p>\n\n","protected":false},"excerpt":{"rendered":"<p>Unifique a su familia mientras crea recuerdos para toda la vida Campamento familiar en las monta\u00f1as inferiores de Shawangunk, a 80 millas de Nueva York Reg\u00edstrate ahora Ll\u00e1manos: 845-754-8669 Ayuda a tu familia &#8230; Crea nuevas tradiciones Pasadlo bien juntos Renueve su prop\u00f3sito y visi\u00f3n Como padres, planear unas vacaciones puede parecer mucho trabajo: Est\u00e1s&hellip;<\/p>\n","protected":false},"author":11,"featured_media":0,"parent":0,"menu_order":0,"comment_status":"closed","ping_status":"closed","template":"","meta":{"_bbp_topic_count":0,"_bbp_reply_count":0,"_bbp_total_topic_count":0,"_bbp_total_reply_count":0,"_bbp_voice_count":0,"_bbp_anonymous_reply_count":0,"_bbp_topic_count_hidden":0,"_bbp_reply_count_hidden":0,"_bbp_forum_subforum_count":0,"_eb_attr":"","footnotes":""},"class_list":["post-1809","page","type-page","status-publish","hentry"],"_links":{"self":[{"href":"https:\/\/campdeerpark.org\/es\/wp-json\/wp\/v2\/pages\/1809","targetHints":{"allow":["GET"]}}],"collection":[{"href":"https:\/\/campdeerpark.org\/es\/wp-json\/wp\/v2\/pages"}],"about":[{"href":"https:\/\/campdeerpark.org\/es\/wp-json\/wp\/v2\/types\/page"}],"author":[{"embeddable":true,"href":"https:\/\/campdeerpark.org\/es\/wp-json\/wp\/v2\/users\/11"}],"replies":[{"embeddable":true,"href":"https:\/\/campdeerpark.org\/es\/wp-json\/wp\/v2\/comments?post=1809"}],"version-history":[{"count":4,"href":"https:\/\/campdeerpark.org\/es\/wp-json\/wp\/v2\/pages\/1809\/revisions"}],"predecessor-version":[{"id":2207,"href":"https:\/\/campdeerpark.org\/es\/wp-json\/wp\/v2\/pages\/1809\/revisions\/2207"}],"wp:attachment":[{"href":"https:\/\/campdeerpark.org\/es\/wp-json\/wp\/v2\/media?parent=1809"}],"curies":[{"name":"wp","href":"https:\/\/api.w.org\/{rel}","templated":true}]}}