{"id":1817,"date":"2021-08-24T10:39:48","date_gmt":"2021-08-24T15:39:48","guid":{"rendered":"https:\/\/campdeerpark.org\/tarifas-y-ayuda-financiera\/"},"modified":"2024-03-21T10:41:07","modified_gmt":"2024-03-21T15:41:07","slug":"tarifas-y-ayuda-financiera","status":"publish","type":"page","link":"https:\/\/campdeerpark.org\/es\/tarifas-y-ayuda-financiera\/","title":{"rendered":"Tarifas y ayuda financiera"},"content":{"rendered":"\n<h1>\n\t\tDios es fiel para siempre: <br \/> La historia del campamento Deerpark\n\t<\/h1>\n\t<p>El costo del campamento es de $ 300 para la mayor\u00eda de los campamentos de una semana. Los descuentos de hasta $ 100 de descuento est\u00e1n disponibles si se registra temprano.<\/p>\n<p>&nbsp;<\/p>\n<h3>Descuentos por inscripci\u00f3n anticipada<\/h3>\nLos descuentos se basan en el momento en que se recibe el pago en la oficina del campamento.<br \/>\nLa mayor\u00eda de los programas de verano cuestan $ 300 \/ semana si los pagos se reciben a partir del 1 de junio.\n<ul>\n<li>Pagos recibidos en marzo o abril\u00a0 &#8230;&#8230;.. Pague solo $ 200 \/ semana<\/li>\n<li>Pagos recibidos en mayo &#8230;&#8230;.. Pague solo $ 250 \/ semana<\/li>\n<li>Pagos recibidos en junio &#8230;&#8230;.. Pague solo $ 300 \/ semana<\/li>\n<\/ul>\n<p>Se otorgar\u00e1n reembolsos del 75% del 1 de Marzo al 1 de Mayo<\/p>\n<p>Se otorgar\u00e1n reembolsos del 25% desde el 2 de Mayo hasta el 1 de Julio<\/p>\n<p>&nbsp;<\/p>\n<h3>El Fondo de Dotaci\u00f3n de Liderazgo por la Paz<\/h3>\n<p>los<strong> Fondo de dotaci\u00f3n de liderazgo para la paz<\/strong> se estableci\u00f3 para identificar a los campistas sobresalientes que han demostrado liderazgo en la construcci\u00f3n de la paz mientras estaban en el campamento. Los beneficiarios reciben una beca de una semana para el a\u00f1o siguiente. Actualmente, uno de esos premios se otorga anualmente.<\/p>\n\t\t\t\t<img loading=\"lazy\" decoding=\"async\" src=\"https:\/\/campdeerpark.org\/wp-content\/uploads\/2021\/05\/biblestudy.jpg\" alt=\"Estudio B\u00edblico\" itemprop=\"image\" height=\"309\" width=\"350\" title=\"Estudio B\u00edblico\" onerror=\"this.style.display='none'\"  \/>\n\n","protected":false},"excerpt":{"rendered":"<p>Dios es fiel para siempre: La historia del campamento Deerpark El costo del campamento es de $ 300 para la mayor\u00eda de los campamentos de una semana. Los descuentos de hasta $ 100 de descuento est\u00e1n disponibles si se registra temprano. &nbsp; Descuentos por inscripci\u00f3n anticipada Los descuentos se basan en el momento en que&hellip;<\/p>\n","protected":false},"author":10,"featured_media":0,"parent":0,"menu_order":0,"comment_status":"closed","ping_status":"closed","template":"","meta":{"_bbp_topic_count":0,"_bbp_reply_count":0,"_bbp_total_topic_count":0,"_bbp_total_reply_count":0,"_bbp_voice_count":0,"_bbp_anonymous_reply_count":0,"_bbp_topic_count_hidden":0,"_bbp_reply_count_hidden":0,"_bbp_forum_subforum_count":0,"_eb_attr":"","footnotes":""},"class_list":["post-1817","page","type-page","status-publish","hentry"],"_links":{"self":[{"href":"https:\/\/campdeerpark.org\/es\/wp-json\/wp\/v2\/pages\/1817","targetHints":{"allow":["GET"]}}],"collection":[{"href":"https:\/\/campdeerpark.org\/es\/wp-json\/wp\/v2\/pages"}],"about":[{"href":"https:\/\/campdeerpark.org\/es\/wp-json\/wp\/v2\/types\/page"}],"author":[{"embeddable":true,"href":"https:\/\/campdeerpark.org\/es\/wp-json\/wp\/v2\/users\/10"}],"replies":[{"embeddable":true,"href":"https:\/\/campdeerpark.org\/es\/wp-json\/wp\/v2\/comments?post=1817"}],"version-history":[{"count":3,"href":"https:\/\/campdeerpark.org\/es\/wp-json\/wp\/v2\/pages\/1817\/revisions"}],"predecessor-version":[{"id":2483,"href":"https:\/\/campdeerpark.org\/es\/wp-json\/wp\/v2\/pages\/1817\/revisions\/2483"}],"wp:attachment":[{"href":"https:\/\/campdeerpark.org\/es\/wp-json\/wp\/v2\/media?parent=1817"}],"curies":[{"name":"wp","href":"https:\/\/api.w.org\/{rel}","templated":true}]}}