{"id":1818,"date":"2021-08-24T10:39:48","date_gmt":"2021-08-24T15:39:48","guid":{"rendered":"https:\/\/campdeerpark.org\/programa-de-verano-de-camp-deerpark\/"},"modified":"2024-03-21T10:50:51","modified_gmt":"2024-03-21T15:50:51","slug":"programa-de-verano-de-camp-deerpark","status":"publish","type":"page","link":"https:\/\/campdeerpark.org\/es\/programa-de-verano-de-camp-deerpark\/","title":{"rendered":"Programa de verano de Camp Deerpark"},"content":{"rendered":"\n<h1>\n\t\tDios es fiel para siempre: <br \/> La historia del campamento Deerpark\n\t<\/h1>\n<h2>\n\t\tCalendario del campamento familiar 2024\n\t<\/h2>\n\t<p><strong>Campamento familiar<\/strong><\/p>\n<p><strong>Comun\u00edquese con Janice para obtener m\u00e1s informaci\u00f3n sobre el campamento familiar al (215) 934-0513 o<a href=\"mailto:DeerparkGuests@gmail.com\"> DeerparkGuests@gmail.com.<\/a> Para obtener m\u00e1s informaci\u00f3n sobre el Campamento familiar,<a href=\"https:\/\/campdeerpark.org\/es\/campamentos-familiares\/\"> haga clic aqu\u00ed<\/a> .<\/strong><\/p>\n<h2>\n\t\tCalendario del campamento infantil 2024\n\t<\/h2>\n\t<p><strong>\u00a0grupo de edad: <\/strong><\/p>\n<ul>\n<li>Campamento infantil: de 8 a 13 a\u00f1os.<\/li>\n<li>Campamento para adolescentes: mayores de 14 a\u00f1os.<\/li>\n<\/ul>\n<p>&nbsp;<\/p>\n<p><strong>Campamento infantil Semana 1:<\/strong><\/p>\n<ul>\n<li>Domingo 30 de Junio al viernes 5 de Julio<\/li>\n<\/ul>\n<p><strong>Campamento infantil Semana 2 y Discipulado Adolescente A:<\/strong><\/p>\n<ul>\n<li>Domingo 7 de Julio al viernes 12 de Julio<\/li>\n<\/ul>\n<p><strong>Campamento infantil Semana 3y Discipulado Adolescente B:<\/strong><\/p>\n<ul>\n<li>Domingo 14 de Julio al viernes 19 de Julio<\/li>\n<\/ul>\n<p><strong>Campamento infantil Semana 4 y Discipulado Adolescente C::<\/strong><\/p>\n<ul>\n<li>Domingo 21 de Julio al viernes 26 de Julio<\/li>\n<\/ul>\n<p><strong>Campamento infantil Semana 5:<\/strong><\/p>\n<ul>\n<li>Domingo 28 de Julio al viernes 2 de Agosto<\/li>\n<\/ul>\n<p>&nbsp;<\/p>\n<p><strong>Campamento para adolescentes:<\/strong><\/p>\n<ul>\n<li>Domingo 4 de Agosto al viernes 9 de Agosto<\/li>\n<\/ul>\n<hr \/>\n<p>&nbsp;<\/p>\n<p><strong>Descuentos por reserva anticipada en 2024<\/strong><\/p>\n<p>Marzo y Abril $200\/semana<\/p>\n<p>Mayo $250\/semana<\/p>\n<p>Junio \u200b\u200by julio $300\/semana<\/p>\n<p>*Basado en cu\u00e1ndo se recibe la inscripci\u00f3n y el pago en la oficina.<\/p>\n$300\/semana precio completo<br \/>\nEl coste de LEAD no es el mismo que el de un campamento infantil de verano.\n<p>Comun\u00edquese con Celmali para obtener m\u00e1s detalles al 845-283-2041.<\/p>\n\n","protected":false},"excerpt":{"rendered":"<p>Dios es fiel para siempre: La historia del campamento Deerpark Calendario del campamento familiar 2024 Campamento familiar Comun\u00edquese con Janice para obtener m\u00e1s informaci\u00f3n sobre el campamento familiar al (215) 934-0513 o DeerparkGuests@gmail.com. Para obtener m\u00e1s informaci\u00f3n sobre el Campamento familiar, haga clic aqu\u00ed . Calendario del campamento infantil 2024 \u00a0grupo de edad: Campamento infantil:&hellip;<\/p>\n","protected":false},"author":10,"featured_media":0,"parent":0,"menu_order":0,"comment_status":"closed","ping_status":"closed","template":"","meta":{"_bbp_topic_count":0,"_bbp_reply_count":0,"_bbp_total_topic_count":0,"_bbp_total_reply_count":0,"_bbp_voice_count":0,"_bbp_anonymous_reply_count":0,"_bbp_topic_count_hidden":0,"_bbp_reply_count_hidden":0,"_bbp_forum_subforum_count":0,"_eb_attr":"","footnotes":""},"class_list":["post-1818","page","type-page","status-publish","hentry"],"_links":{"self":[{"href":"https:\/\/campdeerpark.org\/es\/wp-json\/wp\/v2\/pages\/1818","targetHints":{"allow":["GET"]}}],"collection":[{"href":"https:\/\/campdeerpark.org\/es\/wp-json\/wp\/v2\/pages"}],"about":[{"href":"https:\/\/campdeerpark.org\/es\/wp-json\/wp\/v2\/types\/page"}],"author":[{"embeddable":true,"href":"https:\/\/campdeerpark.org\/es\/wp-json\/wp\/v2\/users\/10"}],"replies":[{"embeddable":true,"href":"https:\/\/campdeerpark.org\/es\/wp-json\/wp\/v2\/comments?post=1818"}],"version-history":[{"count":5,"href":"https:\/\/campdeerpark.org\/es\/wp-json\/wp\/v2\/pages\/1818\/revisions"}],"predecessor-version":[{"id":2485,"href":"https:\/\/campdeerpark.org\/es\/wp-json\/wp\/v2\/pages\/1818\/revisions\/2485"}],"wp:attachment":[{"href":"https:\/\/campdeerpark.org\/es\/wp-json\/wp\/v2\/media?parent=1818"}],"curies":[{"name":"wp","href":"https:\/\/api.w.org\/{rel}","templated":true}]}}