{"id":1865,"date":"2021-08-24T10:43:10","date_gmt":"2021-08-24T15:43:10","guid":{"rendered":"https:\/\/campdeerpark.org\/camp-events\/pa-benefit-banquet\/"},"modified":"2025-05-01T15:40:50","modified_gmt":"2025-05-01T20:40:50","slug":"pa-benefit-banquet","status":"publish","type":"page","link":"https:\/\/campdeerpark.org\/es\/camp-events\/pa-benefit-banquet\/","title":{"rendered":"Banquete Ben\u00e9fico de PA"},"content":{"rendered":"\n<h1>\n\t\tCamp Deerpark Facilities\n\t<\/h1>\n\t<strong>Un tiempo para celebrar la fidelidad de Dios.<\/strong>\n\t<p><strong>Fecha:<\/strong> 5 de Abril de 2024<\/p>\n<p>&nbsp;<\/p>\n<p><strong>Localizaci\u00f3n:<\/strong> Restaurante Shady Maple en East Earl, PA<\/p>\n<p>&nbsp;<\/p>\n<p><strong>Cronograma: <\/strong><\/p>\n<ul>\n<li>Aperitivos: 5:45 p.m.<\/li>\n<li>Cena: 6:30 PM<\/li>\n<\/ul>\n<p>&nbsp;<\/p>\n<p><strong>Costo del d\u00eda:<\/strong> Las entradas son gratuitas, pero<strong> Reservaciones obligatorias<\/strong> . Todas las ganancias se invertir\u00e1n en empoderar a los j\u00f3venes urbanos para que sirvan a Cristo en la ciudad.<\/p>\n<p>&nbsp;<\/p>\n<p><strong>\u00bfC\u00f3mo registrar o patrocinar una mesa?<\/strong><\/p>\n<ul>\n<li>Correo electr\u00f3nico<a href=\"mailto:deerparkguests@gmail.com\"> deerparkguests@gmail.com<\/a> -o-<\/li>\n<li>Llame a Janice al<a href=\"tel:845-754-8669\"> 845-754-8669<\/a><\/li>\n<\/ul>\n\n","protected":false},"excerpt":{"rendered":"<p>Camp Deerpark Facilities Un tiempo para celebrar la fidelidad de Dios. Fecha: 5 de Abril de 2024 &nbsp; Localizaci\u00f3n: Restaurante Shady Maple en East Earl, PA &nbsp; Cronograma: Aperitivos: 5:45 p.m. Cena: 6:30 PM &nbsp; Costo del d\u00eda: Las entradas son gratuitas, pero Reservaciones obligatorias . Todas las ganancias se invertir\u00e1n en empoderar a los&hellip;<\/p>\n","protected":false},"author":10,"featured_media":0,"parent":1807,"menu_order":0,"comment_status":"closed","ping_status":"closed","template":"","meta":{"_bbp_topic_count":0,"_bbp_reply_count":0,"_bbp_total_topic_count":0,"_bbp_total_reply_count":0,"_bbp_voice_count":0,"_bbp_anonymous_reply_count":0,"_bbp_topic_count_hidden":0,"_bbp_reply_count_hidden":0,"_bbp_forum_subforum_count":0,"_eb_attr":"","footnotes":""},"class_list":["post-1865","page","type-page","status-publish","hentry"],"_links":{"self":[{"href":"https:\/\/campdeerpark.org\/es\/wp-json\/wp\/v2\/pages\/1865","targetHints":{"allow":["GET"]}}],"collection":[{"href":"https:\/\/campdeerpark.org\/es\/wp-json\/wp\/v2\/pages"}],"about":[{"href":"https:\/\/campdeerpark.org\/es\/wp-json\/wp\/v2\/types\/page"}],"author":[{"embeddable":true,"href":"https:\/\/campdeerpark.org\/es\/wp-json\/wp\/v2\/users\/10"}],"replies":[{"embeddable":true,"href":"https:\/\/campdeerpark.org\/es\/wp-json\/wp\/v2\/comments?post=1865"}],"version-history":[{"count":3,"href":"https:\/\/campdeerpark.org\/es\/wp-json\/wp\/v2\/pages\/1865\/revisions"}],"predecessor-version":[{"id":4660,"href":"https:\/\/campdeerpark.org\/es\/wp-json\/wp\/v2\/pages\/1865\/revisions\/4660"}],"up":[{"embeddable":true,"href":"https:\/\/campdeerpark.org\/es\/wp-json\/wp\/v2\/pages\/1807"}],"wp:attachment":[{"href":"https:\/\/campdeerpark.org\/es\/wp-json\/wp\/v2\/media?parent=1865"}],"curies":[{"name":"wp","href":"https:\/\/api.w.org\/{rel}","templated":true}]}}