{"id":1876,"date":"2021-08-24T10:43:30","date_gmt":"2021-08-24T15:43:30","guid":{"rendered":"https:\/\/campdeerpark.org\/campamentos-familiares\/horario-del-campamento-familiar\/"},"modified":"2022-12-16T18:27:23","modified_gmt":"2022-12-17T00:27:23","slug":"horario-del-campamento-familiar","status":"publish","type":"page","link":"https:\/\/campdeerpark.org\/es\/campamentos-familiares\/horario-del-campamento-familiar\/","title":{"rendered":"Horario del campamento familiar"},"content":{"rendered":"\n<h1>\n\t\tDale a tu hija un verano para recordar\n\t<\/h1>\n\t\t\t<a href=\"https:\/\/campdeerpark.org\/es\/campamentos-familiares\/registro-de-campamento-familiar\/\" target=\"_self\" rel=\"noopener\">\n\t\t\t\t\t\t\t\tReg\u00edstrate ahora\n\t\t\t\t\t\t\t<\/a>\n\t\t\t<a href=\"tel:845-754-8669\" target=\"_self\" rel=\"noopener\">\n\t\t\t\t\t\t\t\tLl\u00e1manos: 845-754-8669\n\t\t\t\t\t\t\t<\/a>\n\t<p>Marque sus calendarios &#8211; \u00a1La inscripci\u00f3n al campamento familiar est\u00e1 abierta!<\/p>\n<hr \/>\n<ul>\n<li>Campamento familiar #1 4-6 de agosto de 2023<\/li>\n<li>Campamento familiar #2 14-17 de agosto de 2023<\/li>\n<\/ul>\n\t\t\t<a href=\"https:\/\/campdeerpark.org\/es\/campamentos-familiares\/registro-de-campamento-familiar\/\" target=\"_self\" rel=\"noopener\">\n\t\t\t\t\t\t\t\tReg\u00edstrate ahora\n\t\t\t\t\t\t\t<\/a>\n\t\t\t<a href=\"tel:845-754-8669\" target=\"_self\" rel=\"noopener\">\n\t\t\t\t\t\t\t\tLl\u00e1manos: 845-754-8669\n\t\t\t\t\t\t\t<\/a>\n\t<p><strong>Precios:<\/strong><\/p>\n\t<ul>\n<li>$ 200 Adulto<\/li>\n<li>$ 100 Ni\u00f1o<\/li>\n<li>$ 0 beb\u00e9<\/li>\n<\/ul>\n<p><strong>Precio del paquete familiar<\/strong><\/p>\n<p>Una habitaci\u00f3n &#8211; cargo m\u00e1ximo de $ 600<\/p>\n<p>Dos habitaciones &#8211; cargo m\u00e1ximo de $ 1000<\/p>\n<p>Tres habitaciones &#8211; cargo m\u00e1ximo $ 1400<\/p>\n<p>Cabina grande &#8211; cargo m\u00e1ximo $ 1400<\/p>\n<h2>\n\t\tHorario tentativo para el campamento familiar\n\t<\/h2>\n\t<p><strong>Lunes- <\/strong><\/p>\n<p>3:00 PM Registro<\/p>\n<p>5:00 PM Introducci\u00f3n<\/p>\n<p>5:30 PM Cena<\/p>\n<p>7:00 PM Juegos de campo<\/p>\n<p>8:30 p.m. Fogata<\/p>\n<p>&nbsp;<\/p>\n<p><strong>Martes y mi\u00e9rcoles-<\/strong><\/p>\n<p>8:30 AM Desayuno<\/p>\n<p>10:30 AM Adoraci\u00f3n en la capilla<\/p>\n<p>11:00 AM Oportunidades educativas separadas para adultos y ni\u00f1os<\/p>\n<p>12:30 PM Almuerzo<\/p>\n<p>2:00 PM Nataci\u00f3n \/ Rafting \/ Excursi\u00f3n a Freedom Farm<\/p>\n<p>5:30 PM Cena<\/p>\n<p>7:00 PM Juegos de campo<\/p>\n<p>8:30 p.m. Fogata<\/p>\n<p>&nbsp;<\/p>\n<p><strong>Jueves- <\/strong><\/p>\n<p>8:30 AM Desayuno<\/p>\n<p>10:30 AM Culto en la capilla<\/p>\n<p>11:00 AM Sesi\u00f3n final<\/p>\n<p>12:30 PM Almuerzo<\/p>\n<p>2:00 PM Salida<\/p>\n\t\t\t<a href=\"https:\/\/campdeerpark.org\/es\/campamentos-familiares\/registro-de-campamento-familiar\/\" target=\"_self\" rel=\"noopener\">\n\t\t\t\t\t\t\t\tReg\u00edstrate ahora\n\t\t\t\t\t\t\t<\/a>\n\t\t\t<a href=\"tel:845-754-8669\" target=\"_self\" rel=\"noopener\">\n\t\t\t\t\t\t\t\tLl\u00e1manos: 845-754-8669\n\t\t\t\t\t\t\t<\/a>\n\n","protected":false},"excerpt":{"rendered":"<p>Dale a tu hija un verano para recordar Reg\u00edstrate ahora Ll\u00e1manos: 845-754-8669 Marque sus calendarios &#8211; \u00a1La inscripci\u00f3n al campamento familiar est\u00e1 abierta! Campamento familiar #1 4-6 de agosto de 2023 Campamento familiar #2 14-17 de agosto de 2023 Reg\u00edstrate ahora Ll\u00e1manos: 845-754-8669 Precios: $ 200 Adulto $ 100 Ni\u00f1o $ 0 beb\u00e9 Precio del&hellip;<\/p>\n","protected":false},"author":10,"featured_media":0,"parent":1809,"menu_order":0,"comment_status":"closed","ping_status":"closed","template":"","meta":{"_bbp_topic_count":0,"_bbp_reply_count":0,"_bbp_total_topic_count":0,"_bbp_total_reply_count":0,"_bbp_voice_count":0,"_bbp_anonymous_reply_count":0,"_bbp_topic_count_hidden":0,"_bbp_reply_count_hidden":0,"_bbp_forum_subforum_count":0,"_eb_attr":"","footnotes":""},"class_list":["post-1876","page","type-page","status-publish","hentry"],"_links":{"self":[{"href":"https:\/\/campdeerpark.org\/es\/wp-json\/wp\/v2\/pages\/1876","targetHints":{"allow":["GET"]}}],"collection":[{"href":"https:\/\/campdeerpark.org\/es\/wp-json\/wp\/v2\/pages"}],"about":[{"href":"https:\/\/campdeerpark.org\/es\/wp-json\/wp\/v2\/types\/page"}],"author":[{"embeddable":true,"href":"https:\/\/campdeerpark.org\/es\/wp-json\/wp\/v2\/users\/10"}],"replies":[{"embeddable":true,"href":"https:\/\/campdeerpark.org\/es\/wp-json\/wp\/v2\/comments?post=1876"}],"version-history":[{"count":2,"href":"https:\/\/campdeerpark.org\/es\/wp-json\/wp\/v2\/pages\/1876\/revisions"}],"predecessor-version":[{"id":2208,"href":"https:\/\/campdeerpark.org\/es\/wp-json\/wp\/v2\/pages\/1876\/revisions\/2208"}],"up":[{"embeddable":true,"href":"https:\/\/campdeerpark.org\/es\/wp-json\/wp\/v2\/pages\/1809"}],"wp:attachment":[{"href":"https:\/\/campdeerpark.org\/es\/wp-json\/wp\/v2\/media?parent=1876"}],"curies":[{"name":"wp","href":"https:\/\/api.w.org\/{rel}","templated":true}]}}