{"id":1882,"date":"2021-08-24T10:43:40","date_gmt":"2021-08-24T15:43:40","guid":{"rendered":"https:\/\/campdeerpark.org\/camp-events\/retiro-de-pastores\/"},"modified":"2025-05-01T15:12:26","modified_gmt":"2025-05-01T20:12:26","slug":"retiro-de-pastores","status":"publish","type":"page","link":"https:\/\/campdeerpark.org\/es\/camp-events\/retiro-de-pastores\/","title":{"rendered":"Convenci\u00f3n Menonita de Nueva York"},"content":{"rendered":"\n<h1>\n\t\tCamp Deerpark Facilities\n\t<\/h1>\n\tEste evento est\u00e1 abierto a pastores y sus familias. No dude en quedarse el fin de semana o venir el s\u00e1bado por la ma\u00f1ana.\n\t<p><strong>Fecha:<\/strong> 28-30 de Abril de 2023<\/p>\n<p>&nbsp;<\/p>\n<p><strong>Costo del d\u00eda:<\/strong> Este retiro es gratuito para los pastores, sus c\u00f3nyuges e hijos. Sin embargo, se requieren reservaciones. Se recoger\u00e1 una ofrenda.<\/p>\n<p>&nbsp;<\/p>\n<p><strong>Cronograma:<\/strong> Consulte a continuaci\u00f3n el formulario de registro (al final de esta p\u00e1gina) para ver el calendario tentativo.<\/p>\n<p>&nbsp;<\/p>\n<p><b>Por favor complete este formulario para registrarse:<\/b><\/p>\n\t<a name=\"form996957156\" id=\"formAnchor996957156\"><\/a>\n<h2 align=\"center\">Horario tentativo:<\/h2>\n<p><b>Viernes: <\/b><\/p>\n<ul>\n<li>7: 00-9: 00 PM Llegada<\/li>\n<li>9:30 PM<b> Hoguera<\/b> (Galletas y caf\u00e9)<\/li>\n<\/ul>\n<p>&nbsp;<\/p>\n<p><b>s\u00e1bado<\/b><\/p>\n<ul>\n<li>8:30 AM Desayuno<\/li>\n<li>9:15 a. M.<b> Tiempo de reflexi\u00f3n personal<\/b> (Tiempo privado con Dios)<\/li>\n<li>10 a. M. A 12 p. M.<b> Sesi\u00f3n 1<\/b><\/li>\n<li>12:30 PM Almuerzo (Comedor)<\/li>\n<li>1:15 PM Actividad grupal<\/li>\n<li>2:30 &#8211; 4:30<b> Sesi\u00f3n 2<\/b> (Se tomar\u00e1 una ofrenda)<\/li>\n<li>5:30 PM Cena<\/li>\n<li>7:30 PM Fogata y conversaci\u00f3n informal<\/li>\n<\/ul>\n<p>&nbsp;<\/p>\n<p><b>domingo<\/b><\/p>\n<ul>\n<li>8:30 AM Desayuno<\/li>\n<\/ul>\n<b>Ponente: TBA<\/b>\n\n","protected":false},"excerpt":{"rendered":"<p>Camp Deerpark Facilities Este evento est\u00e1 abierto a pastores y sus familias. No dude en quedarse el fin de semana o venir el s\u00e1bado por la ma\u00f1ana. Fecha: 28-30 de Abril de 2023 &nbsp; Costo del d\u00eda: Este retiro es gratuito para los pastores, sus c\u00f3nyuges e hijos. Sin embargo, se requieren reservaciones. Se recoger\u00e1&hellip;<\/p>\n","protected":false},"author":11,"featured_media":0,"parent":1807,"menu_order":0,"comment_status":"closed","ping_status":"closed","template":"","meta":{"_bbp_topic_count":0,"_bbp_reply_count":0,"_bbp_total_topic_count":0,"_bbp_total_reply_count":0,"_bbp_voice_count":0,"_bbp_anonymous_reply_count":0,"_bbp_topic_count_hidden":0,"_bbp_reply_count_hidden":0,"_bbp_forum_subforum_count":0,"_eb_attr":"","footnotes":""},"class_list":["post-1882","page","type-page","status-publish","hentry"],"_links":{"self":[{"href":"https:\/\/campdeerpark.org\/es\/wp-json\/wp\/v2\/pages\/1882","targetHints":{"allow":["GET"]}}],"collection":[{"href":"https:\/\/campdeerpark.org\/es\/wp-json\/wp\/v2\/pages"}],"about":[{"href":"https:\/\/campdeerpark.org\/es\/wp-json\/wp\/v2\/types\/page"}],"author":[{"embeddable":true,"href":"https:\/\/campdeerpark.org\/es\/wp-json\/wp\/v2\/users\/11"}],"replies":[{"embeddable":true,"href":"https:\/\/campdeerpark.org\/es\/wp-json\/wp\/v2\/comments?post=1882"}],"version-history":[{"count":3,"href":"https:\/\/campdeerpark.org\/es\/wp-json\/wp\/v2\/pages\/1882\/revisions"}],"predecessor-version":[{"id":4652,"href":"https:\/\/campdeerpark.org\/es\/wp-json\/wp\/v2\/pages\/1882\/revisions\/4652"}],"up":[{"embeddable":true,"href":"https:\/\/campdeerpark.org\/es\/wp-json\/wp\/v2\/pages\/1807"}],"wp:attachment":[{"href":"https:\/\/campdeerpark.org\/es\/wp-json\/wp\/v2\/media?parent=1882"}],"curies":[{"name":"wp","href":"https:\/\/api.w.org\/{rel}","templated":true}]}}