{"id":1883,"date":"2021-08-24T10:43:44","date_gmt":"2021-08-24T15:43:44","guid":{"rendered":"https:\/\/campdeerpark.org\/campamentos-de-verano\/plan-de-estudios-de-los-programas-de-verano\/"},"modified":"2025-02-21T12:52:13","modified_gmt":"2025-02-21T18:52:13","slug":"plan-de-estudios-de-los-programas-de-verano","status":"publish","type":"page","link":"https:\/\/campdeerpark.org\/es\/campamentos-de-verano\/plan-de-estudios-de-los-programas-de-verano\/","title":{"rendered":"Plan de estudios de los programas de verano"},"content":{"rendered":"\n<h1>\n\t\tDale a tu hija un verano para recordar\n\t<\/h1>\n\t\t\t<a href=\"https:\/\/campdeerpark.org\/es\/campamentos-de-verano\/registro-de-campamento-de-verano\/\" target=\"_self\">\n\t\t\t\t\t\t\t\tReg\u00edstrate ahora\n\t\t\t\t\t\t\t<\/a>\n\t\t\t<a href=\"tel:845-978-7055\" target=\"_self\">\n\t\t\t\t\t\t\t\tLl\u00e1manos: 845-978-7055\n\t\t\t\t\t\t\t<\/a>\n\t<p><strong>El campamento infantil est\u00e1 activo para 2025.<\/strong><\/p>\n<p><strong>\u00a1Reg\u00edstrese a continuaci\u00f3n hoy!<\/strong><\/p>\n<p><strong>Comun\u00edquese con Kevin para obtener informaci\u00f3n de seguimiento al (845) 978-7055 o<a href=\"mailto:Deerparkoperationsdirector@gmail.com\"> DeerparkOperationsDirector@gmail.com<\/a><\/strong><\/p>\n\t\t\t<a href=\"https:\/\/campdeerpark.org\/es\/campamentos-de-verano\/registro-de-campamento-de-verano\/\" target=\"_self\">\n\t\t\t\t\t\t\tREG\u00cdSTRATE AHORA\n\t\t\t\t\t<\/a>\n\t<p><strong>Nuestros programas de verano est\u00e1n en el coraz\u00f3n de nuestro ministerio. Brindan experiencias centradas en Cristo para j\u00f3venes de 8 a\u00f1os hasta la universidad.<\/strong><\/p>\n<p>&nbsp;<\/p>\n<p>Nuestra misi\u00f3n es \u00abEmpoderar a los j\u00f3venes para que sirvan a Cristo en la ciudad\u00bb y cada programa trabaja hacia esa misi\u00f3n de una manera diferente seg\u00fan la edad y el tama\u00f1o del grupo. Nuestro objetivo es proporcionar discipulado dentro de nuestros programas que complementa lo que los padres y la iglesia ya est\u00e1n ense\u00f1ando.<\/p>\n\t\t\t<a href=\"https:\/\/campdeerpark.org\/es\/campamentos-de-verano\/mision-y-valores-del-campamento-de-verano\/\" target=\"_self\">\n\t\t\t\t\t\t\tVea nuestra misi\u00f3n y valores fundamentales\n\t\t\t\t\t<\/a>\n\t\t\t<a href=\"https:\/\/campdeerpark.org\/es\/tarifas-y-ayuda-financiera\/\" target=\"_self\">\n\t\t\t\t\t\t\tVer costos e informaci\u00f3n financiera\n\t\t\t\t\t<\/a>\n\t\t\t<a href=\"https:\/\/campdeerpark.org\/es\/programa-de-verano-de-camp-deerpark\/\" target=\"_self\">\n\t\t\t\t\t\t\tVer horario de verano\n\t\t\t\t\t<\/a>\n<h2>\n\t\tNuestro plan de estudios de programas de verano\n\t<\/h2>\n<h3>\n\t\tLEAD (aprendizaje, experiencia y debriefing)\n\t<\/h3>\n\t\t\t\t<img loading=\"lazy\" decoding=\"async\" src=\"https:\/\/campdeerpark.org\/wp-content\/uploads\/2021\/07\/summer-9-2560px.jpg\" alt=\"summer 9-2560px\" itemprop=\"image\" height=\"1707\" width=\"2560\" title=\"summer 9-2560px\" onerror=\"this.style.display='none'\"  \/>\n\t<p>Un programa basado en el aprendizaje experiencial dise\u00f1ado para brindar a los j\u00f3venes de 16 a\u00f1os en adelante una base para el ministerio. Cada d\u00eda, los j\u00f3venes aprender\u00e1n, experimentar\u00e1n e informar\u00e1n sobre un aspecto diferente del ministerio. Los temas incluyen: servicio, resoluci\u00f3n de conflictos, oraci\u00f3n, planificaci\u00f3n de eventos, estudio b\u00edblico y comunicaci\u00f3n. La participaci\u00f3n en el programa es muy recomendable para cualquier persona interesada en servir como personal de verano en el futuro. (El programa est\u00e1 limitado a 15 participantes).<\/p>\n<p>&nbsp;<\/p>\n\t\t\t<a href=\"https:\/\/campdeerpark.org\/es\/campamentos-de-verano\/registro-de-campamento-de-verano\/\" target=\"_self\">\n\t\t\t\t\t\t\tPulse aqu\u00ed para registrarse\n\t\t\t\t\t<\/a>\n<h3>\n\t\tCampamento para adolescentes y experiencia de discipulado para adolescentes\n\t<\/h3>\n\t<p>Campamento para adolescentes y Campamento para adolescentes: La experiencia de discipulado re\u00fane a j\u00f3venes de 14 a 16 a\u00f1os de su nivel con un programa lleno de diversi\u00f3n, conversaciones profundas y una vida comunitaria centrada en Cristo. Los adolescentes vivir\u00e1n en grupos de caba\u00f1as con un consejero mientras experimentan una semana repleta de nataci\u00f3n, caminatas y un viaje por el r\u00edo. Cada noche, alrededor de la fogata, se desafiar\u00e1 a los adolescentes a pensar cr\u00edticamente sobre su fe y lo que significa ser un seguidor de Cristo.<\/p>\n<p><em>El plan de estudios y las actividades de nuestra Experiencia de discipulado se centran en la construcci\u00f3n de la comunidad. <\/em><em>Este programa est\u00e1 limitado a 8 j\u00f3venes (4 hombres y 4 mujeres).<\/em><\/p>\n\t\t\t\t<img loading=\"lazy\" decoding=\"async\" src=\"https:\/\/campdeerpark.org\/wp-content\/uploads\/2021\/05\/Teen_Camp.jpg\" alt=\"Campamento_de_adolescentes\" itemprop=\"image\" height=\"200\" width=\"200\" title=\"Campamento_de_adolescentes\" onerror=\"this.style.display='none'\"  \/>\n\t\t\t<a href=\"https:\/\/campdeerpark.org\/es\/campamentos-de-verano\/registro-de-campamento-de-verano\/\" target=\"_self\">\n\t\t\t\t\t\t\tPulse aqu\u00ed para registrarse\n\t\t\t\t\t<\/a>\n<h3>\n\t\tCampamento de ni\u00f1os\n\t<\/h3>\n\t\t\t\t<img loading=\"lazy\" decoding=\"async\" src=\"https:\/\/campdeerpark.org\/wp-content\/uploads\/2021\/05\/Childrens_Camp.jpg\" alt=\"Childrens_Camp\" itemprop=\"image\" height=\"200\" width=\"200\" title=\"Childrens_Camp\" onerror=\"this.style.display='none'\"  \/>\n\t<p>El campamento infantil ofrece una experiencia centrada en Cristo en la que los j\u00f3venes de 8 a 13 a\u00f1os participan en una variedad de actividades de campamento en un grupo de caba\u00f1as. Las actividades est\u00e1n estructuradas para ayudar a los j\u00f3venes a desarrollar su car\u00e1cter en torno a los valores de nuestro campamento de verano. La semana incluir\u00e1 caminatas, nataci\u00f3n, rafting y lecciones de Biblia y naturaleza. Cada noche, el grupo se re\u00fane alrededor del fuego para adorar y ser desafiado por un mensaje.<\/p>\n\t\t\t<a href=\"https:\/\/campdeerpark.org\/es\/campamentos-de-verano\/registro-de-campamento-de-verano\/\" target=\"_self\">\n\t\t\t\t\t\t\tPulse aqu\u00ed para registrarse\n\t\t\t\t\t<\/a>\n\t<p>\u00abMe encanta que el campamento les est\u00e9 ense\u00f1ando a mis hijos las mismas cosas que yo les estoy ense\u00f1ando en casa\u00bb.<\/p>\n\t<p><strong>-Camper Parent<\/strong><\/p>\n\t\t\t<a href=\"https:\/\/campdeerpark.org\/es\/campamentos-de-verano\/registro-de-campamento-de-verano\/\" target=\"_self\">\n\t\t\t\t\t\t\t\tReg\u00edstrate ahora\n\t\t\t\t\t\t\t<\/a>\n\t\t\t<a href=\"tel:845-978-7055\" target=\"_self\">\n\t\t\t\t\t\t\t\tLl\u00e1manos: 845-978-7055\n\t\t\t\t\t\t\t<\/a>\n\t\t\t\t<img loading=\"lazy\" decoding=\"async\" src=\"https:\/\/campdeerpark.org\/wp-content\/uploads\/2022\/03\/two-girs-throwing-water-up-rafting.jpg\" alt=\"two girs throwing water up rafting\" itemprop=\"image\" height=\"1707\" width=\"2560\" title=\"two girs throwing water up rafting\" onerror=\"this.style.display='none'\"  \/>\n\n","protected":false},"excerpt":{"rendered":"<p>Dale a tu hija un verano para recordar Reg\u00edstrate ahora Ll\u00e1manos: 845-978-7055 El campamento infantil est\u00e1 activo para 2025. \u00a1Reg\u00edstrese a continuaci\u00f3n hoy! Comun\u00edquese con Kevin para obtener informaci\u00f3n de seguimiento al (845) 978-7055 o DeerparkOperationsDirector@gmail.com REG\u00cdSTRATE AHORA Nuestros programas de verano est\u00e1n en el coraz\u00f3n de nuestro ministerio. Brindan experiencias centradas en Cristo para&hellip;<\/p>\n","protected":false},"author":10,"featured_media":0,"parent":1798,"menu_order":0,"comment_status":"closed","ping_status":"closed","template":"","meta":{"_bbp_topic_count":0,"_bbp_reply_count":0,"_bbp_total_topic_count":0,"_bbp_total_reply_count":0,"_bbp_voice_count":0,"_bbp_anonymous_reply_count":0,"_bbp_topic_count_hidden":0,"_bbp_reply_count_hidden":0,"_bbp_forum_subforum_count":0,"_eb_attr":"","footnotes":""},"class_list":["post-1883","page","type-page","status-publish","hentry"],"_links":{"self":[{"href":"https:\/\/campdeerpark.org\/es\/wp-json\/wp\/v2\/pages\/1883","targetHints":{"allow":["GET"]}}],"collection":[{"href":"https:\/\/campdeerpark.org\/es\/wp-json\/wp\/v2\/pages"}],"about":[{"href":"https:\/\/campdeerpark.org\/es\/wp-json\/wp\/v2\/types\/page"}],"author":[{"embeddable":true,"href":"https:\/\/campdeerpark.org\/es\/wp-json\/wp\/v2\/users\/10"}],"replies":[{"embeddable":true,"href":"https:\/\/campdeerpark.org\/es\/wp-json\/wp\/v2\/comments?post=1883"}],"version-history":[{"count":5,"href":"https:\/\/campdeerpark.org\/es\/wp-json\/wp\/v2\/pages\/1883\/revisions"}],"predecessor-version":[{"id":4546,"href":"https:\/\/campdeerpark.org\/es\/wp-json\/wp\/v2\/pages\/1883\/revisions\/4546"}],"up":[{"embeddable":true,"href":"https:\/\/campdeerpark.org\/es\/wp-json\/wp\/v2\/pages\/1798"}],"wp:attachment":[{"href":"https:\/\/campdeerpark.org\/es\/wp-json\/wp\/v2\/media?parent=1883"}],"curies":[{"name":"wp","href":"https:\/\/api.w.org\/{rel}","templated":true}]}}